{"id":28,"date":"2022-02-25T01:30:51","date_gmt":"2022-02-24T16:30:51","guid":{"rendered":"https:\/\/www.unipla.co.jp\/contact\/?page_id=28"},"modified":"2025-12-11T15:18:59","modified_gmt":"2025-12-11T06:18:59","slug":"%e3%81%8a%e5%95%8f%e3%81%84%e5%90%88%e3%82%8f%e3%81%9b","status":"publish","type":"page","link":"https:\/\/www.unipla.co.jp\/contact\/","title":{"rendered":"\u30e6\u30cb\u30d7\u30e9\u682a\u5f0f\u4f1a\u793e\u306e\u554f\u3044\u5408\u308f\u305b\u30d5\u30a9\u30fc\u30e0"},"content":{"rendered":"\n<div class=\"wp-block-cover alignfull has-parallax\"><div class=\"wp-block-cover__image-background wp-image-417 has-parallax\" style=\"background-position:50% 50%;background-image:url(https:\/\/www.unipla.co.jp\/contact\/wp-content\/uploads\/2024\/02\/\u554f\u3044\u5408\u308f\u305b\u30dc\u30c3\u30af\u30b9\u4f7f\u7528\u5199\u771f-scaled.jpg)\"><\/div><span aria-hidden=\"true\" class=\"wp-block-cover__background has-background-dim-30 has-background-dim\"><\/span><div class=\"wp-block-cover__inner-container is-layout-flow wp-block-cover-is-layout-flow\">\n<div class=\"wp-block-vk-blocks-heading vk_block-margin-lg--margin-top vk_block-margin-lg--margin-bottom\"><div class=\"vk_heading vk_heading-style-plain\"><h1 style=\"color:#ffffff;font-size:2rem;margin-bottom:0rem;text-align:left\" class=\"vk_heading_title vk_heading_title-style-plain has-text-color\"><span>\u554f\u3044\u5408\u308f\u305b\u30d5\u30a9\u30fc\u30e0<\/span><\/h1><p style=\"font-size:1.5rem;text-align:left\" class=\"vk_heading_subtext vk_heading_subtext-style-plain\">Contact<\/p><\/div><\/div>\n<\/div><\/div>\n\n\n\n<div style=\"height:100px\" aria-hidden=\"true\" class=\"wp-block-spacer\"><\/div>\n\n\n\n<h2 class=\"wp-block-heading has-text-align-center is-style-vk-heading-both_ends\" style=\"font-size:20px\"><span class=\"vk-heading__text-wrapper\">\u304a\u6c17\u8efd\u306b\u304a\u554f\u3044\u5408\u308f\u305b\u304f\u3060\u3055\u3044\u3002<\/span><\/h2>\n\n\n\n<div class=\"wp-block-contact-form-7-contact-form-selector\">\n<div class=\"wpcf7 no-js\" id=\"wpcf7-f366-o1\" lang=\"ja\" dir=\"ltr\" data-wpcf7-id=\"366\">\n<div class=\"screen-reader-response\"><p role=\"status\" aria-live=\"polite\" aria-atomic=\"true\"><\/p> <ul><\/ul><\/div>\n<form action=\"\/contact\/index.php?rest_route=%2Fwp%2Fv2%2Fpages%2F28#wpcf7-f366-o1\" method=\"post\" class=\"wpcf7-form init\" aria-label=\"\u30b3\u30f3\u30bf\u30af\u30c8\u30d5\u30a9\u30fc\u30e0\" novalidate=\"novalidate\" data-status=\"init\">\n<fieldset class=\"hidden-fields-container\"><input type=\"hidden\" name=\"_wpcf7\" value=\"366\" \/><input type=\"hidden\" name=\"_wpcf7_version\" value=\"6.1.5\" \/><input type=\"hidden\" name=\"_wpcf7_locale\" value=\"ja\" \/><input type=\"hidden\" name=\"_wpcf7_unit_tag\" value=\"wpcf7-f366-o1\" \/><input type=\"hidden\" name=\"_wpcf7_container_post\" value=\"0\" \/><input type=\"hidden\" name=\"_wpcf7_posted_data_hash\" value=\"\" \/><input type=\"hidden\" name=\"_wpcf7_recaptcha_response\" value=\"\" \/>\n<\/fieldset>\n<tr>\n\t<th>\n\t\t<p><span class=\"CF7_req\">\u203b\u5fc5\u9808\u3000<\/span> \u3054\u76f8\u8ac7\u5185\u5bb9\u306b\u30c1\u30a7\u30c3\u30af\u2611\u3092\u5165\u308c\u3066\u304f\u3060\u3055\u3044\u3000\u203b\u8907\u6570\u9078\u629e\u53ef\u80fd\n\t\t<\/p>\n\t<\/th>\n\t<td>\n\t\t<p><span class=\"wpcf7-form-control-wrap\" data-name=\"checkbox-inq\"><span class=\"wpcf7-form-control wpcf7-checkbox wpcf7-validates-as-required\"><span class=\"wpcf7-list-item first\"><input type=\"checkbox\" name=\"checkbox-inq[]\" value=\"\u3054\u76f8\u8ac7\" \/><span class=\"wpcf7-list-item-label\">\u3054\u76f8\u8ac7<\/span><\/span><span class=\"wpcf7-list-item\"><input type=\"checkbox\" name=\"checkbox-inq[]\" value=\"\u304a\u898b\u7a4d\u3082\u308a\" \/><span class=\"wpcf7-list-item-label\">\u304a\u898b\u7a4d\u3082\u308a<\/span><\/span><span class=\"wpcf7-list-item\"><input type=\"checkbox\" name=\"checkbox-inq[]\" value=\"\u304a\u554f\u3044\u5408\u308f\u305b\" \/><span class=\"wpcf7-list-item-label\">\u304a\u554f\u3044\u5408\u308f\u305b<\/span><\/span><span class=\"wpcf7-list-item last\"><input type=\"checkbox\" name=\"checkbox-inq[]\" value=\"\u305d\u306e\u4ed6\" \/><span class=\"wpcf7-list-item-label\">\u305d\u306e\u4ed6<\/span><\/span><\/span><\/span>\n\t\t<\/p>\n\t<\/td>\n<\/tr>\n<tr>\n\t<th>\n\t\t<p><span class=\"CF7_req\">\u203b\u5fc5\u9808\u3000<\/span> \u304a\u540d\u524d\n\t\t<\/p>\n\t<\/th>\n\t<td>\n\t\t<p><span class=\"wpcf7-form-control-wrap\" data-name=\"your-name\"><input size=\"40\" maxlength=\"400\" class=\"wpcf7-form-control wpcf7-text wpcf7-validates-as-required\" aria-required=\"true\" aria-invalid=\"false\" placeholder=\"\u4f8b\uff1a\u3042\u306a\u305f\u306e\u304a\u540d\u524d\" value=\"\" type=\"text\" name=\"your-name\" \/><\/span>\n\t\t<\/p>\n\t<\/td>\n<\/tr>\n<tr>\n\t<th>\n\t\t<p><span class=\"CF7_req\">\u203b\u5fc5\u9808\u3000<\/span> \u30e1\u30fc\u30eb\u30a2\u30c9\u30ec\u30b9\n\t\t<\/p>\n\t<\/th>\n\t<td>\n\t\t<p><span class=\"wpcf7-form-control-wrap\" data-name=\"your-email\"><input size=\"40\" maxlength=\"400\" class=\"wpcf7-form-control wpcf7-email wpcf7-validates-as-required wpcf7-text wpcf7-validates-as-email\" aria-required=\"true\" aria-invalid=\"false\" placeholder=\"\u4f8b\uff1a\u00d7\u00d7\u00d7@\u00d7\u00d7\u00d7.com\" value=\"\" type=\"email\" name=\"your-email\" \/><\/span>\n\t\t<\/p>\n\t<\/td>\n<\/tr>\n<tr>\n\t<th>\n\t\t<p><span class=\"CF7_unreq\">\u203b\u4efb\u610f\u3000<\/span>\u4f1a\u793e\u540d\/\u90e8\u7f72\u540d\n\t\t<\/p>\n\t<\/th>\n\t<td>\n\t\t<p><span class=\"wpcf7-form-control-wrap\" data-name=\"your-company\"><input size=\"40\" maxlength=\"400\" class=\"wpcf7-form-control wpcf7-text\" aria-invalid=\"false\" placeholder=\"\u4f8b\uff1a\u25ef\u25ef\u682a\u5f0f\u4f1a\u793e\u3000\u8cfc\u8cb7\u90e8\" value=\"\" type=\"text\" name=\"your-company\" \/><\/span>\n\t\t<\/p>\n\t<\/td>\n<\/tr>\n<tr>\n\t<th>\n\t\t<p><span class=\"CF7_unreq\">\u203b\u4efb\u610f\u3000<\/span>\u90f5\u4fbf\u756a\u53f7\n\t\t<\/p>\n\t<\/th>\n\t<td>\n\t\t<p><span class=\"wpcf7-form-control-wrap\" data-name=\"zip\"><input size=\"40\" maxlength=\"400\" class=\"wpcf7-form-control wpcf7-text wpcf7-validates-as-required\" id=\"zip\" aria-required=\"true\" aria-invalid=\"false\" placeholder=\"\u4f8b\uff1a123-4567\" value=\"\" type=\"text\" name=\"zip\" \/><\/span>\n\t\t<\/p>\n\t<\/td>\n<\/tr>\n<tr>\n\t<th>\n\t\t<p><span class=\"CF7_req\">\u203b\u5fc5\u9808\u3000<\/span>\u90fd\u9053\u5e9c\u770c\n\t\t<\/p>\n\t<\/th>\n\t<td>\n\t\t<p><span class=\"wpcf7-form-control-wrap\" data-name=\"pref\"><input size=\"40\" maxlength=\"400\" class=\"wpcf7-form-control wpcf7-text wpcf7-validates-as-required\" id=\"pref\" aria-required=\"true\" aria-invalid=\"false\" placeholder=\"\u4f8b\uff1a\u57fc\u7389\u770c\" value=\"\" type=\"text\" name=\"pref\" \/><\/span>\n\t\t<\/p>\n\t<\/td>\n<\/tr>\n<tr>\n\t<th>\n\t\t<p><span class=\"CF7_req\">\u203b\u5fc5\u9808\u3000<\/span>\u3054\u4f4f\u6240\n\t\t<\/p>\n\t<\/th>\n\t<td class=\"address-100\">\n\t\t<p><span class=\"wpcf7-form-control-wrap\" data-name=\"addr\"><input size=\"40\" maxlength=\"400\" class=\"wpcf7-form-control wpcf7-text wpcf7-validates-as-required\" id=\"addr\" aria-required=\"true\" aria-invalid=\"false\" placeholder=\"\u4f8b\uff1a\u5ddd\u8d8a\u5e02\uff11\uff12\uff13\uff14\uff15\" value=\"\" type=\"text\" name=\"addr\" \/><\/span>\n\t\t<\/p>\n\t<\/td>\n<\/tr>\n<tr>\n\t<th>\n\t\t<p><span class=\"CF7_req\">\u203b\u5fc5\u9808\u3000<\/span>\u304a\u96fb\u8a71\u756a\u53f7\n\t\t<\/p>\n\t<\/th>\n\t<td>\n\t\t<p><span class=\"wpcf7-form-control-wrap\" data-name=\"your-tel\"><input size=\"40\" maxlength=\"400\" class=\"wpcf7-form-control wpcf7-text wpcf7-validates-as-required\" aria-required=\"true\" aria-invalid=\"false\" placeholder=\"\u4f8b\uff1a049-243-1881\" value=\"\" type=\"text\" name=\"your-tel\" \/><\/span>\n\t\t<\/p>\n\t<\/td>\n<\/tr>\n<tr>\n\t<th>\n\t\t<p><span class=\"CF7_req\">\u203b\u5fc5\u9808\u3000<\/span>\u30e1\u30c3\u30bb\u30fc\u30b8\u672c\u6587\n\t\t<\/p>\n\t<\/th>\n\t<td class=\"message-100\">\n\t\t<p><span class=\"wpcf7-form-control-wrap\" data-name=\"your-message\"><textarea cols=\"40\" rows=\"10\" maxlength=\"2000\" class=\"wpcf7-form-control wpcf7-textarea wpcf7-validates-as-required\" aria-required=\"true\" aria-invalid=\"false\" placeholder=\"\u304a\u554f\u3044\u5408\u308f\u305b\u5185\u5bb9\u3092\u3054\u8a18\u5165\u304f\u3060\u3055\u3044\" name=\"your-message\"><\/textarea><\/span>\n\t\t<\/p>\n\t<\/td>\n\n<span class=\"wpcf7-form-control-wrap\" data-name=\"acceptance-902\"><span class=\"wpcf7-form-control wpcf7-acceptance optional\"><span class=\"wpcf7-list-item\"><label><input type=\"checkbox\" name=\"acceptance-902\" value=\"1\" aria-invalid=\"false\" \/><span class=\"wpcf7-list-item-label\">\u554f\u3044\u5408\u308f\u305b\u7528\u30d5\u30a9\u30fc\u30e0\u3092\u5229\u7528\u3057\u305f\u58f2\u308a\u8fbc\u307f\u3067\u306f\u3042\u308a\u307e\u305b\u3093\u3002<\/span><\/label><\/span><\/span><\/span>\n\t<table class=\"CF7_table\">\n\u3000\u203b\u6ce8\u610f\uff01\u554f\u3044\u5408\u308f\u305b\u7528\u30d5\u30a9\u30fc\u30e0\u3092\u5229\u7528\u3057\u305f\u58f2\u308a\u8fbc\u307f\u306f\u4e00\u5207\u304a\u65ad\u308a\u3057\u3066\u3044\u307e\u3059\u3002\n\t<\/table>\n\t<p class=\"CF7_btn\"><input class=\"wpcf7-form-control wpcf7-submit has-spinner\" type=\"submit\" value=\"\u9001\u4fe1\u3059\u308b\" \/>\n\t<\/p>\n<\/tr><div class=\"wpcf7-response-output\" aria-hidden=\"true\"><\/div>\n<\/form>\n<\/div>\n<\/div>\n\n\n\n<p style=\"font-size:16px\">\u25a0\u30e1\u30fc\u30eb\u30a2\u30c9\u30ec\u30b9\u306b\u3064\u3044\u3066<\/p>\n\n\n\n<p style=\"font-size:16px\">\u30d5\u30ea\u30fc\u30e1\u30fc\u30eb\u3054\u5229\u7528\u306e\u5834\u5408\u306f\u300c\u9001\u4fe1\u78ba\u8a8d\u30e1\u30fc\u30eb\u300d\u304c\u5c4a\u304b\u306a\u3044\u5834\u5408\u304c\u3054\u3056\u3044\u307e\u3059\u30021\u9031\u9593\u904e\u304e\u3066\u3082\u3054\u9023\u7d61\u304c\u7121\u3044\u5834\u5408\u306f\u304a\u624b\u6570\u3067\u3059\u304c\u304a\u96fb\u8a71\u306b\u3066\u304a\u554f\u3044\u5408\u308f\u305b\u304f\u3060\u3055\u3044\u3002<\/p>\n\n\n\n<p style=\"font-size:16px\">\u3000\u6771\u4eac\u55b6\u696d\u6240\u3000\u3000\u260e\uff08049\uff09243-1881<br>\u3000\u540d\u53e4\u5c4b\u55b6\u696d\u6240\u3000\u260e\uff08052\uff09563-1975<\/p>\n\n\n\n<div style=\"height:100px\" aria-hidden=\"true\" class=\"wp-block-spacer\"><\/div>\n\n\n\n<h4 class=\"wp-block-heading\" style=\"font-size:16px\">\u6ce8\u610f\uff01\u5f53\u30b5\u30a4\u30c8\u3092\u5229\u7528\u3057\u305f\u58f2\u308a\u8fbc\u307f\u306b\u3064\u3044\u3066<\/h4>\n\n\n\n<p style=\"font-size:16px\">\u304a\u554f\u3044\u5408\u308f\u305b\u7528\u30d5\u30a9\u30fc\u30e0\u3092\u5229\u7528\u3057\u305f\u5f53\u793e\u3078\u306e\u58f2\u308a\u8fbc\u307f\u306f\u4e00\u5207\u304a\u65ad\u308a\u3057\u3066\u3044\u307e\u3059\u3002<\/p>\n\n\n\n<div style=\"height:100px\" aria-hidden=\"true\" class=\"wp-block-spacer\"><\/div>\n\n\n\n<p style=\"font-size:16px\">\u25a0\u5f53\u793e\u306f\u3001\u500b\u4eba\u60c5\u5831\u4fdd\u8b77\u6cd5\u3092\u305d\u306e\u4ed6\u306e\u6cd5\u4ee4\u304a\u3088\u3073\u300c\u500b\u4eba\u60c5\u5831\u306e\u4fdd\u8b77\u306b\u95a2\u3059\u308b\u6cd5\u5f8b\u306b\u3064\u3044\u3066\u306e\u30ac\u30a4\u30c9\u30e9\u30a4\u30f3\u300d\u305d\u306e\u4ed6\u306e\u30ac\u30a4\u30c9\u30e9\u30a4\u30f3\u3092\u9075\u5b88\u3057\u3066\u3001\u500b\u4eba\u30c7\u30fc\u30bf\u306e\u9069\u6b63\u306a\u53d6\u6271\u3044\u3092\u884c\u3044\u307e\u3059\u3002<\/p>\n\n\n\n<div style=\"height:100px\" aria-hidden=\"true\" class=\"wp-block-spacer\"><\/div>\n\n\n\n<p><\/p>\n","protected":false},"excerpt":{"rendered":"<p>\u304a\u6c17\u8efd\u306b\u304a\u554f\u3044\u5408\u308f\u305b\u304f\u3060\u3055\u3044\u3002 \u25a0\u30e1\u30fc\u30eb\u30a2\u30c9\u30ec\u30b9\u306b\u3064\u3044\u3066 \u30d5\u30ea\u30fc\u30e1\u30fc\u30eb\u3054\u5229\u7528\u306e\u5834\u5408\u306f\u300c\u9001\u4fe1\u78ba\u8a8d\u30e1\u30fc\u30eb\u300d\u304c\u5c4a\u304b\u306a\u3044\u5834\u5408\u304c\u3054\u3056\u3044\u307e\u3059\u30021\u9031\u9593\u904e\u304e\u3066\u3082\u3054\u9023\u7d61\u304c\u7121\u3044\u5834\u5408\u306f\u304a\u624b\u6570\u3067\u3059\u304c\u304a\u96fb\u8a71\u306b\u3066\u304a\u554f\u3044\u5408\u308f\u305b\u304f\u3060\u3055\u3044\u3002 \u3000\u6771\u4eac\u55b6\u696d\u6240 [&hellip;]<\/p>\n","protected":false},"author":1,"featured_media":0,"parent":0,"menu_order":0,"comment_status":"closed","ping_status":"closed","template":"","meta":{"_vk_print_noindex":"","sitemap_hide":"","vkExUnit_sitemap":"","_veu_custom_css":"","veu_display_promotion_alert":"common","_exclude_from_list_pages":"","vkexunit_cta_each_option":"","vkExUnit_childPageIndex":"","vkExUnit_pageList_ancestor":"","footnotes":""},"class_list":["post-28","page","type-page","status-publish","hentry"],"veu_head_title_object":{"title":"","add_site_title":""},"_links":{"self":[{"href":"https:\/\/www.unipla.co.jp\/contact\/index.php?rest_route=\/wp\/v2\/pages\/28","targetHints":{"allow":["GET"]}}],"collection":[{"href":"https:\/\/www.unipla.co.jp\/contact\/index.php?rest_route=\/wp\/v2\/pages"}],"about":[{"href":"https:\/\/www.unipla.co.jp\/contact\/index.php?rest_route=\/wp\/v2\/types\/page"}],"author":[{"embeddable":true,"href":"https:\/\/www.unipla.co.jp\/contact\/index.php?rest_route=\/wp\/v2\/users\/1"}],"replies":[{"embeddable":true,"href":"https:\/\/www.unipla.co.jp\/contact\/index.php?rest_route=%2Fwp%2Fv2%2Fcomments&post=28"}],"version-history":[{"count":57,"href":"https:\/\/www.unipla.co.jp\/contact\/index.php?rest_route=\/wp\/v2\/pages\/28\/revisions"}],"predecessor-version":[{"id":425,"href":"https:\/\/www.unipla.co.jp\/contact\/index.php?rest_route=\/wp\/v2\/pages\/28\/revisions\/425"}],"wp:attachment":[{"href":"https:\/\/www.unipla.co.jp\/contact\/index.php?rest_route=%2Fwp%2Fv2%2Fmedia&parent=28"}],"curies":[{"name":"wp","href":"https:\/\/api.w.org\/{rel}","templated":true}]}}